{"id":17,"date":"2015-03-01T09:20:42","date_gmt":"2015-03-01T09:20:42","guid":{"rendered":"http:\/\/www.nublud.ee\/?page_id=17"},"modified":"2025-06-18T11:04:45","modified_gmt":"2025-06-18T09:04:45","slug":"kohtunikud","status":"publish","type":"page","link":"http:\/\/www.nublud.ee\/?page_id=17","title":{"rendered":"Kohtunikud"},"content":{"rendered":"<p><strong>Haapsalu Rahvuslike koerten\u00e4ituste kohtunikud 2025<\/strong><\/p>\n<p><b>Hr. Christofer Habig (Saksamaa)<br \/>Pr. Mina Piljevic (Serbia)\u00a0<\/b><br \/><strong>Hr. Dusko Piljevic (Serbia)<\/strong><br \/><strong>Hr. Rob Douma (Holland)<br \/>Hr. Bruno Nodalli (Itaalia)<br \/>Pr. Viviana Nodalli (Itaalia)<br \/>Varukohtunik p\u00fchap\u00e4eval Pr. Liina Vaher (Eesti)\u00a0<\/strong><\/p>\n<p><strong>Laup\u00e4ev 30.08.2025<\/strong><\/p>\n<p><strong>1. r\u00fchm &#8211; Bruno Nodalli (Itaalia)<\/strong><br \/><strong>2. r\u00fchm &#8211; Christofer Habig (Saksamaa)<\/strong><br \/><strong>3. r\u00fchm &#8211; Mina Piljevic (Serbia)<\/strong><br \/><strong>4. r\u00fchm &#8211; Mina Piljevic (Serbia)<\/strong><br \/><strong>5. r\u00fchm &#8211; Rob Douma (Holland)<br \/>*Ameerika akita &#8211; Christofer Habig (Saksamaa)<\/strong><br \/><strong>6. r\u00fchm &#8211; Rob Douma (Holland)<br \/>*Dalmaatsia koer, verekoer &#8211;<\/strong> <strong>Christofer Habig (Saksamaa)<\/strong><br \/><strong>7. r\u00fchm &#8211; Dusko Piljevic (Serbia)<\/strong><br \/><strong>8. r\u00fchm &#8211; Dusko Piljevic (Serbia)<\/strong><br \/><strong>9. r\u00fchm &#8211; Viviana Nodalli (Itaalia)<br \/><\/strong><strong>10. r\u00fchm &#8211; Bruno Nodalli (Itaalia)<\/strong><\/p>\n<p><strong>Juuniorh\u00e4ndlerid: Marta Kirjutus (Eesti)<\/strong><\/p>\n<p><strong>L\u00f5ppv\u00f5istluste kohtunikud<\/strong><\/p>\n<p><strong>Parim paar &#8211; Viviana Nodalli (Itaalia)<\/strong><br \/><strong>Parim kasvatajaklass &#8211;<\/strong> <strong>Dusko Piljevic (Serbia)<\/strong><br \/><strong>Parim j\u00e4rglasteklass &#8211; Mina Piljevic (Serbia)<\/strong><br \/><strong>Parim beebi &#8211;<\/strong> <strong>Viviana Nodalli (Itaalia)<\/strong><strong><br \/>Parim kutsikas<\/strong> &#8211; <strong>Mina Piljevic (Serbia)<\/strong><br \/><strong><br \/>R\u00fchm 1 &#8211; Bruno Nodalli (Itaalia)<\/strong><strong><br \/>R\u00fchm 2 &#8211; Christofer Habig (Saksamaa)<br \/>R\u00fchm 3 &#8211; Mina Piljevic (Serbia)<br \/>R\u00fchm 4 &#8211; Mina Piljevic (Serbia)<br \/>R\u00fchm 5 &#8211; Rob Douma (Holland)<br \/>R\u00fchm 6 &#8211; Rob Douma (Holland)<br \/>R\u00fchm 7 &#8211; Dusko Piljevic (Serbia)<br \/>R\u00fchm 8 &#8211; Dusko Piljevic (Serbia)<br \/>R\u00fchm 9 &#8211; Viviana Nodalli (Itaalia)<br \/>R\u00fchm 10 &#8211; Bruno Nodalli (Itaalia)<\/strong><\/p>\n<p><strong>VETERAN BEST IN SHOW &#8211;\u00a0 Bruno Nodalli (Itaalia)<\/strong><br \/><strong>JUUNIOR BEST IN SHOW &#8211; Rob Douma (Holland)<\/strong><\/p>\n<p><strong>BEST IN SHOW &#8211; Christofer Habig (Saksamaa)<\/strong><\/p>\n<p>\u00a0****************************************************************************************************<\/p>\n<p><strong>P\u00fchap\u00e4ev 31.08.2025<\/strong><\/p>\n<p><strong>1. r\u00fchm &#8211; Christofer Habig (Saksamaa)<br \/><\/strong><strong>2. r\u00fchm &#8211; Dusko Piljevic (Serbia)<\/strong><br \/><strong>3. r\u00fchm &#8211; Rob Douma (Holland)<\/strong><br \/><strong>4. r\u00fchm &#8211; Viviana Nodalli (Itaalia)<\/strong><br \/><strong>5. r\u00fchm &#8211; Mina Piljevic (Serbia)<\/strong><br \/><strong>6. r\u00fchm &#8211; Dusko Piljevic (Serbia)<\/strong><br \/><strong>7. r\u00fchm &#8211; Rob Douma (Holland)<\/strong><br \/><strong>8. r\u00fchm &#8211; Mina Piljevic (Serbia)<\/strong><br \/><strong>9. r\u00fchm &#8211; Bruno Nodalli (Itaalia)<\/strong><br \/><strong>10. r\u00fchm &#8211; Rob Douma<\/strong> <strong>(Holland)<br \/><\/strong><br \/><strong>* Varukohtunikud: <br \/>* Christofer Habig 9. r\u00fchm, <br \/>* Liina Vaher 5.&amp;10. r\u00fchm (Cirneco del Etna, Afganistaani hurt, Vene hurt &#8211; Borzoi, Inglise hurt &#8211; Greyhound, Iiri hundikoer, Itaalia v\u00e4ikehurt, Whippet, Saluki)<\/strong><\/p>\n<p><strong>Juuniorh\u00e4ndlerid: Gerda Vunsh (Eesti)<\/strong><\/p>\n<p><strong>L\u00f5ppv\u00f5istluste kohtunikud 31.08.2025<\/strong><\/p>\n<p><strong>Parim paar &#8211; Mina Piljevic (Serbia)<\/strong><br \/><strong>Parim kasvatajaklass &#8211; Viviana Nodalli (Itaalia)<\/strong><br \/><strong>Parim j\u00e4rglasteklass &#8211; Viviana Nodalli (Itaalia)<\/strong><br \/><strong>Parim beebi &#8211;<\/strong> <strong>Mina Piljevic (Serbia)<\/strong><strong><br \/>Parim kutsikas<\/strong> &#8211; <strong>Bruno Nodalli (Itaalia)<\/strong><br \/><strong><br \/>R\u00fchm 1 &#8211; Christofer Habig (Saksamaa)<\/strong><strong><br \/>R\u00fchm 2 &#8211; Dusko Piljevic (Serbia)<br \/>R\u00fchm 3 &#8211; Rob Douma (Holland)<br \/>R\u00fchm 4 &#8211; Viviana Nodalli (Itaalia)<br \/>R\u00fchm 5 &#8211; Mina Piljevic (Serbia)<br \/>R\u00fchm 6 &#8211; Dusko Piljevic (Serbia)<br \/>R\u00fchm 7 &#8211; Rob Douma (Holland)<br \/>R\u00fchm 8 &#8211; Mina Piljevic (Serbia)<br \/>R\u00fchm 9 &#8211; Bruno Nodalli (Itaalia)<br \/>R\u00fchm 10 &#8211; Rob Douma (Holland)<br \/><\/strong><\/p>\n<p><strong>VETERAN BEST IN SHOW &#8211; Rob Douma (Holland)<\/strong><br \/><strong>JUUNIOR BEST IN SHOW &#8211; Christofer Habig (Saksamaa)<\/strong><\/p>\n<p><strong>BEST IN SHOW &#8211; Dusko Piljevic (Serbia)<\/strong><\/p>\n<p>****************************************************************************************************<\/p>\n<p><strong>NB! N\u00e4itusetoimkonnal on \u00f5igus vajadusel teha muudatusi kohtunike nimekirjas.<\/strong><\/p>\n\n\n<p><\/p>\n","protected":false},"excerpt":{"rendered":"<p>Haapsalu Rahvuslike koerten\u00e4ituste kohtunikud 2025 Hr. Christofer Habig (Saksamaa)Pr. Mina Piljevic (Serbia)\u00a0Hr. Dusko Piljevic (Serbia)Hr. Rob Douma (Holland)Hr. Bruno Nodalli (Itaalia)Pr. Viviana Nodalli (Itaalia)Varukohtunik p\u00fchap\u00e4eval Pr. Liina Vaher (Eesti)\u00a0 Laup\u00e4ev 30.08.2025 1. r\u00fchm &#8211; Bruno Nodalli (Itaalia)2. r\u00fchm &#8211; Christofer &hellip; <a href=\"http:\/\/www.nublud.ee\/?page_id=17\">Continue reading <span class=\"meta-nav\">&rarr;<\/span><\/a><\/p>\n","protected":false},"author":1,"featured_media":0,"parent":0,"menu_order":0,"comment_status":"closed","ping_status":"open","template":"","meta":{"footnotes":""},"class_list":["post-17","page","type-page","status-publish","hentry"],"_links":{"self":[{"href":"http:\/\/www.nublud.ee\/index.php?rest_route=\/wp\/v2\/pages\/17","targetHints":{"allow":["GET"]}}],"collection":[{"href":"http:\/\/www.nublud.ee\/index.php?rest_route=\/wp\/v2\/pages"}],"about":[{"href":"http:\/\/www.nublud.ee\/index.php?rest_route=\/wp\/v2\/types\/page"}],"author":[{"embeddable":true,"href":"http:\/\/www.nublud.ee\/index.php?rest_route=\/wp\/v2\/users\/1"}],"replies":[{"embeddable":true,"href":"http:\/\/www.nublud.ee\/index.php?rest_route=%2Fwp%2Fv2%2Fcomments&post=17"}],"version-history":[{"count":52,"href":"http:\/\/www.nublud.ee\/index.php?rest_route=\/wp\/v2\/pages\/17\/revisions"}],"predecessor-version":[{"id":694,"href":"http:\/\/www.nublud.ee\/index.php?rest_route=\/wp\/v2\/pages\/17\/revisions\/694"}],"wp:attachment":[{"href":"http:\/\/www.nublud.ee\/index.php?rest_route=%2Fwp%2Fv2%2Fmedia&parent=17"}],"curies":[{"name":"wp","href":"https:\/\/api.w.org\/{rel}","templated":true}]}}