{"id":23,"date":"2015-03-01T07:19:12","date_gmt":"2015-03-01T07:19:12","guid":{"rendered":"http:\/\/www.nublud.ee\/?page_id=23"},"modified":"2024-07-01T21:46:50","modified_gmt":"2024-07-01T19:46:50","slug":"registreerimine","status":"publish","type":"page","link":"http:\/\/www.nublud.ee\/?page_id=23","title":{"rendered":"Registreerimine"},"content":{"rendered":"<p><b>\u00a0<\/b><\/p>\n<ul>\n<li>Registreeri online kaudu:\u00a0<a href=\"https:\/\/online.kennelliit.ee\/\">https:\/\/online.kennelliit.ee\/<\/a> (Makse peab olema tehtud samal hinnaperioodil, kui online registreering)!<\/li>\n<li>NB! Kui registreerimistasu ei ole registreerimise hinnaperioodi jooksul laekunud v\u00f5i garantiikirja samal hinnaperioodil saadetud e-posti aadressile haapsaludogshow@gmail.com, muudetakse tasu vastavaks j\u00e4rgmisele hinnaperioodile.<\/li>\n<li>E-postiga:<strong> haapsaludogshow@gmail.com <\/strong><\/li>\n<li>Dokumendid ning laekumine v\u00f5i garantiikiri peavad korraldajani j\u00f5udma sama hinnaperioodi sees ning registreerimistasu suurus peab olema koosk\u00f5las alltoodud t\u00e4htaegadega.<\/li>\n<li>Registreerimiseks saatke <strong><a title=\"N\u00e4itusele registreerimise leht\" href=\"http:\/\/kennelliit.ee\/wp-content\/uploads\/2013\/09\/naitusele_registreerimise_leht.doc\" target=\"_blank\" rel=\"noopener noreferrer\">t\u00e4idetud registreerimisleht<\/a>, t\u00f5utunnistuse (juhul kui pole EKL registri koer) ja maksekorralduse koopia.<\/strong><\/li>\n<li>registreerimisel kasutus- v\u00f5i t\u0161empionklassi ka vastavate<strong> diplomite koopiad<\/strong> kas e-postiga <strong>haapsaludogshow@gmail.com<\/strong><\/li>\n<li><strong>Registreerimistasu kanna MT\u00dc NUBLU pangaarvele <span style=\"color: #1b8be0;\">EE352200221027133522\u00a0<\/span>(Swedbank), selgitusse m\u00e4rgi koera t\u00f5ug ja nimi\/registreerimisnuber.<br \/>\n<\/strong><\/li>\n<li><strong>* Erin\u00e4dala registreerimine vaid kokkuleppel korraldajaga, perioodil mil tehniliselt on v\u00f5imalik koeri kataloogi lisada. <\/strong><\/li>\n<\/ul>\n<p><strong>REGISTREERIMISTASUD: \u00fchele n\u00e4itusele \/ kahele n\u00e4itusele<\/strong><\/p>\n\n<table id=\"tablepress-7\" class=\"tablepress tablepress-id-7\">\n<thead>\n<tr class=\"row-1\">\n\t<th class=\"column-1\">Registreerimistasud<\/th><th class=\"column-2\">Kuni 14.07.2025<\/th><th class=\"column-3\">Kuni 11.08.2025<\/th><th class=\"column-4\">Alates 17.08.2025<\/th>\n<\/tr>\n<\/thead>\n<tbody class=\"row-striping row-hover\">\n<tr class=\"row-2\">\n\t<td class=\"column-1\">Koer<\/td><td class=\"column-2\">               38\/66<\/td><td class=\"column-3\">             45\/84<\/td><td class=\"column-4\">        55\/100<\/td>\n<\/tr>\n<tr class=\"row-3\">\n\t<td class=\"column-1\">Beebi, kutsikas, veteran<br \/>\nVeteranid alates 10. aastast TASUTA!<\/td><td class=\"column-2\">               29\/50<\/td><td class=\"column-3\">             35\/60<\/td><td class=\"column-4\">        35\/70<\/td>\n<\/tr>\n<tr class=\"row-4\">\n\t<td class=\"column-1\">Juuniorh\u00e4ndler, Laps ja koer, Seeniorh\u00e4ndler, Mees ja koer lisav\u00f5istlused<\/td><td class=\"column-2\">               15\/30<\/td><td class=\"column-3\">             15\/30<\/td><td class=\"column-4\">        20\/40<\/td>\n<\/tr>\n<tr class=\"row-5\">\n\t<td class=\"column-1\">Paarid<\/td><td class=\"column-2\">               10\/20<\/td><td class=\"column-3\">             10\/20<\/td><td class=\"column-4\">        10\/20<\/td>\n<\/tr>\n<tr class=\"row-6\">\n\t<td class=\"column-1\">Kasvatajad ja j\u00e4rglased<\/td><td class=\"column-2\">               10\/20<\/td><td class=\"column-3\">             10\/20<\/td><td class=\"column-4\">        10\/20<\/td>\n<\/tr>\n<\/tbody>\n<\/table>\n<!-- #tablepress-7 from cache -->\n<ul>\n<li>EKL kalenderplaani kantud n\u00e4itustel EI V\u00d5I osaleda alates 01.08.2013 s\u00fcndinud koerad, kelle k\u00f5rvu v\u00f5i\/ja saba on\u00a0 l\u00f5igatud. Alates 01.08.2013 v\u00f5ivad k\u00f5ik enne seda kuup\u00e4eva s\u00fcndinud l\u00f5igatud k\u00f5rvade ja\/v\u00f5i sabaga koerad EKL kalenderplaani kantud n\u00e4itustel osaleda.<\/li>\n<li>Registreerides kasutusklassi PEAB esitama juurde kas FCI v\u00f5i EKL koopia t\u00f6\u00f6sertifikaadist (n\u00e4ituste eeskirja punkt 7.4), t\u0161empioniklassi registreerides PEAB juurde esitama t\u0161empionitiitli diplomi koopia<\/li>\n<\/ul>\n","protected":false},"excerpt":{"rendered":"<p>\u00a0 Registreeri online kaudu:\u00a0https:\/\/online.kennelliit.ee\/ (Makse peab olema tehtud samal hinnaperioodil, kui online registreering)! NB! Kui registreerimistasu ei ole registreerimise hinnaperioodi jooksul laekunud v\u00f5i garantiikirja samal hinnaperioodil saadetud e-posti aadressile haapsaludogshow@gmail.com, muudetakse tasu vastavaks j\u00e4rgmisele hinnaperioodile. E-postiga: haapsaludogshow@gmail.com Dokumendid ning laekumine &hellip; <a href=\"http:\/\/www.nublud.ee\/?page_id=23\">Continue reading <span class=\"meta-nav\">&rarr;<\/span><\/a><\/p>\n","protected":false},"author":1,"featured_media":0,"parent":0,"menu_order":0,"comment_status":"closed","ping_status":"open","template":"showcase.php","meta":{"footnotes":""},"class_list":["post-23","page","type-page","status-publish","hentry"],"_links":{"self":[{"href":"http:\/\/www.nublud.ee\/index.php?rest_route=\/wp\/v2\/pages\/23","targetHints":{"allow":["GET"]}}],"collection":[{"href":"http:\/\/www.nublud.ee\/index.php?rest_route=\/wp\/v2\/pages"}],"about":[{"href":"http:\/\/www.nublud.ee\/index.php?rest_route=\/wp\/v2\/types\/page"}],"author":[{"embeddable":true,"href":"http:\/\/www.nublud.ee\/index.php?rest_route=\/wp\/v2\/users\/1"}],"replies":[{"embeddable":true,"href":"http:\/\/www.nublud.ee\/index.php?rest_route=%2Fwp%2Fv2%2Fcomments&post=23"}],"version-history":[{"count":42,"href":"http:\/\/www.nublud.ee\/index.php?rest_route=\/wp\/v2\/pages\/23\/revisions"}],"predecessor-version":[{"id":655,"href":"http:\/\/www.nublud.ee\/index.php?rest_route=\/wp\/v2\/pages\/23\/revisions\/655"}],"wp:attachment":[{"href":"http:\/\/www.nublud.ee\/index.php?rest_route=%2Fwp%2Fv2%2Fmedia&parent=23"}],"curies":[{"name":"wp","href":"https:\/\/api.w.org\/{rel}","templated":true}]}}